{"id":14,"date":"2018-03-06T14:02:16","date_gmt":"2018-03-06T14:02:16","guid":{"rendered":"http:\/\/localhost\/?page_id=14"},"modified":"2023-09-18T10:05:20","modified_gmt":"2023-09-18T10:05:20","slug":"company","status":"publish","type":"page","link":"https:\/\/croxer.com\/de\/company\/","title":{"rendered":"Unternehmen"},"content":{"rendered":"\n<div class=\"wp-block-media-text alignwide has-media-on-the-right is-stacked-on-mobile\"><div class=\"wp-block-media-text__content\">\n<p>Mit ihrem Deb\u00fct auf dem Markt im Jahr 2014 l\u00e4utete die Marke Croxer eine neue \u00c4ra der Skating-Ausr\u00fcstung ein. Von Anfang an konzentrierte sich das Unternehmen auf drei Schl\u00fcsselelemente: attraktive Preise, originelles Design und einzigartige Farben. Diese Eigenschaften haben dem Unternehmen eine herausragende Stellung auf dem Markt verschafft und ihm die Wertsch\u00e4tzung seiner Kunden eingebracht. Die Marke ist zu einem Symbol f\u00fcr Menschen geworden, die Qualit\u00e4t, Stil und Erschwinglichkeit von Eislaufausr\u00fcstung sch\u00e4tzen.<\/p>\n<\/div><figure class=\"wp-block-media-text__media\"><a href=\"http:\/\/croxer.com\/de\/wp-content\/uploads\/sites\/3\/2023\/09\/croxer_skates-kopia.jpg\"><img loading=\"lazy\" decoding=\"async\" width=\"800\" height=\"533\" src=\"http:\/\/croxer.com\/de\/wp-content\/uploads\/sites\/3\/2023\/09\/croxer_skates-kopia.jpg\" alt=\"\" class=\"wp-image-1966 size-full\" srcset=\"https:\/\/croxer.com\/de\/wp-content\/uploads\/sites\/3\/2023\/09\/croxer_skates-kopia.jpg 800w, https:\/\/croxer.com\/de\/wp-content\/uploads\/sites\/3\/2023\/09\/croxer_skates-kopia-768x512.jpg 768w\" sizes=\"auto, (max-width: 800px) 100vw, 800px\" \/><\/a><\/figure><\/div>\n\n\n\n<div class=\"wp-block-media-text alignwide is-stacked-on-mobile\"><figure class=\"wp-block-media-text__media\"><a href=\"http:\/\/croxer.com\/de\/wp-content\/uploads\/sites\/3\/2023\/09\/croxer_inline_skates.jpg\"><img loading=\"lazy\" decoding=\"async\" width=\"800\" height=\"533\" src=\"http:\/\/croxer.com\/de\/wp-content\/uploads\/sites\/3\/2023\/09\/croxer_inline_skates.jpg\" alt=\"\" class=\"wp-image-1967 size-full\" srcset=\"https:\/\/croxer.com\/de\/wp-content\/uploads\/sites\/3\/2023\/09\/croxer_inline_skates.jpg 800w, https:\/\/croxer.com\/de\/wp-content\/uploads\/sites\/3\/2023\/09\/croxer_inline_skates-768x512.jpg 768w\" sizes=\"auto, (max-width: 800px) 100vw, 800px\" \/><\/a><\/figure><div class=\"wp-block-media-text__content\">\n<h2 class=\"wp-block-heading\">Croxer Rollen<\/h2>\n\n\n\n<p>Sie zeichnen sich nicht nur durch ihre \u00c4sthetik, sondern auch durch ihre Robustheit aus. Die verwendeten Materialien sind langlebig und die Konstruktion garantiert Stabilit\u00e4t und Sicherheit beim Fahren. Croxer ist eine Marke, die sich der Vielfalt der Bed\u00fcrfnisse ihrer Kunden bewusst ist. Deshalb hat sie verschiedene Rollschuhmodelle im Sortiment, die sowohl f\u00fcr die J\u00fcngsten als auch f\u00fcr erfahrene Skater eine gro\u00dfe Auswahl bieten. Von stabilen und sicheren Kinderrollschuhen bis hin zu fortgeschrittenen Modellen f\u00fcr Erwachsene garantiert Croxer die Zufriedenheit jedes Kunden.<\/p>\n<\/div><\/div>\n\n\n\n<div class=\"wp-block-media-text alignwide has-media-on-the-right is-stacked-on-mobile\"><div class=\"wp-block-media-text__content\">\n<h2 class=\"wp-block-heading\">Croxer Rollschuhe<\/h2>\n\n\n\n<p>Die Rollschuhe von Croxer wurden mit Blick auf Haltbarkeit und Sicherheit entwickelt und erf\u00fcllen die Anforderungen selbst der anspruchsvollsten Benutzer. Sie bieten Komfort und Sicherheit beim Fahren, was sowohl f\u00fcr Anf\u00e4nger als auch f\u00fcr fortgeschrittene Skater wichtig ist. Croxer Rollschuhe sind nicht nur ein Ausr\u00fcstungsgegenstand, sondern auch eine Einladung zu Aktivit\u00e4ten im Freien und eine Gelegenheit, neue Routen und Orte zu entdecken.<\/p>\n<\/div><figure class=\"wp-block-media-text__media\"><a href=\"http:\/\/croxer.com\/de\/wp-content\/uploads\/sites\/3\/2023\/09\/croxer_roller_skates.jpg\"><img loading=\"lazy\" decoding=\"async\" width=\"800\" height=\"533\" src=\"http:\/\/croxer.com\/de\/wp-content\/uploads\/sites\/3\/2023\/09\/croxer_roller_skates.jpg\" alt=\"\" class=\"wp-image-1968 size-full\" srcset=\"https:\/\/croxer.com\/de\/wp-content\/uploads\/sites\/3\/2023\/09\/croxer_roller_skates.jpg 800w, https:\/\/croxer.com\/de\/wp-content\/uploads\/sites\/3\/2023\/09\/croxer_roller_skates-768x512.jpg 768w\" sizes=\"auto, (max-width: 800px) 100vw, 800px\" \/><\/a><\/figure><\/div>\n\n\n\n<div class=\"wp-block-media-text alignwide is-stacked-on-mobile\"><figure class=\"wp-block-media-text__media\"><a href=\"http:\/\/croxer.com\/de\/wp-content\/uploads\/sites\/3\/2023\/09\/croxer_bikes-1.jpg\"><img loading=\"lazy\" decoding=\"async\" width=\"800\" height=\"533\" src=\"http:\/\/croxer.com\/de\/wp-content\/uploads\/sites\/3\/2023\/09\/croxer_bikes-1.jpg\" alt=\"\" class=\"wp-image-1970 size-full\" srcset=\"https:\/\/croxer.com\/de\/wp-content\/uploads\/sites\/3\/2023\/09\/croxer_bikes-1.jpg 800w, https:\/\/croxer.com\/de\/wp-content\/uploads\/sites\/3\/2023\/09\/croxer_bikes-1-768x512.jpg 768w\" sizes=\"auto, (max-width: 800px) 100vw, 800px\" \/><\/a><\/figure><div class=\"wp-block-media-text__content\">\n<h2 class=\"wp-block-heading\">Croxer Fahrr\u00e4der<\/h2>\n\n\n\n<p>Croxer-Gel\u00e4ndefahrr\u00e4der sind das perfekte Hilfsmittel, um Kindern das Gleichgewicht beizubringen und sie auf das Radfahren vorzubereiten. Diese kleinen, leichten Fahrr\u00e4der sind die ideale Wahl f\u00fcr die j\u00fcngsten Entdecker, die gerade erst ihr Abenteuer auf zwei R\u00e4dern beginnen. Eine ausgezeichnete Wahl f\u00fcr Eltern, die die Entwicklung ihrer Kinder unterst\u00fctzen und sie auf das Radfahren vorbereiten wollen. Die Tatsache, dass es in Zusammenarbeit mit Physiotherapeuten entwickelt wurde, garantiert die richtige Entwicklung der motorischen F\u00e4higkeiten.<\/p>\n<\/div><\/div>\n\n\n\n<div class=\"wp-block-media-text alignwide has-media-on-the-right is-stacked-on-mobile\"><div class=\"wp-block-media-text__content\">\n<h2 class=\"wp-block-heading\">Croxer Scooter<\/h2>\n\n\n\n<p>Es gibt drei Hauptkategorien von Scootern: faltbar, leistungsstark und dreir\u00e4drig, um den unterschiedlichen Bed\u00fcrfnissen und Vorlieben der Nutzer gerecht zu werden. Alle Croxer-Roller zeichnen sich durch eine solide Verarbeitung, ein attraktives Design und eine Vielzahl von Farboptionen aus, so dass die Benutzer das Modell w\u00e4hlen k\u00f6nnen, das ihren Bed\u00fcrfnissen und ihrem Stil entspricht.<\/p>\n<\/div><figure class=\"wp-block-media-text__media\"><a href=\"http:\/\/croxer.com\/de\/wp-content\/uploads\/sites\/3\/2023\/09\/scooters_bikes.jpg\"><img loading=\"lazy\" decoding=\"async\" width=\"800\" height=\"533\" src=\"http:\/\/croxer.com\/de\/wp-content\/uploads\/sites\/3\/2023\/09\/scooters_bikes.jpg\" alt=\"\" class=\"wp-image-1971 size-full\" srcset=\"https:\/\/croxer.com\/de\/wp-content\/uploads\/sites\/3\/2023\/09\/scooters_bikes.jpg 800w, https:\/\/croxer.com\/de\/wp-content\/uploads\/sites\/3\/2023\/09\/scooters_bikes-768x512.jpg 768w\" sizes=\"auto, (max-width: 800px) 100vw, 800px\" \/><\/a><\/figure><\/div>\n","protected":false},"excerpt":{"rendered":"<p>Mit ihrem Deb\u00fct auf dem Markt im Jahr 2014 l\u00e4utete die Marke Croxer eine neue \u00c4ra der Skating-Ausr\u00fcstung ein. Von Anfang an konzentrierte sich das Unternehmen auf drei Schl\u00fcsselelemente: attraktive Preise, originelles Design und einzigartige Farben. Diese Eigenschaften haben dem Unternehmen eine herausragende Stellung auf dem Markt verschafft und ihm die Wertsch\u00e4tzung seiner Kunden eingebracht. [&hellip;]<\/p>\n","protected":false},"author":1,"featured_media":718,"parent":0,"menu_order":5,"comment_status":"closed","ping_status":"closed","template":"","meta":{"_acf_changed":false,"footnotes":""},"class_list":["post-14","page","type-page","status-publish","has-post-thumbnail","hentry"],"acf":[],"_links":{"self":[{"href":"https:\/\/croxer.com\/de\/wp-json\/wp\/v2\/pages\/14","targetHints":{"allow":["GET"]}}],"collection":[{"href":"https:\/\/croxer.com\/de\/wp-json\/wp\/v2\/pages"}],"about":[{"href":"https:\/\/croxer.com\/de\/wp-json\/wp\/v2\/types\/page"}],"author":[{"embeddable":true,"href":"https:\/\/croxer.com\/de\/wp-json\/wp\/v2\/users\/1"}],"replies":[{"embeddable":true,"href":"https:\/\/croxer.com\/de\/wp-json\/wp\/v2\/comments?post=14"}],"version-history":[{"count":9,"href":"https:\/\/croxer.com\/de\/wp-json\/wp\/v2\/pages\/14\/revisions"}],"predecessor-version":[{"id":1978,"href":"https:\/\/croxer.com\/de\/wp-json\/wp\/v2\/pages\/14\/revisions\/1978"}],"wp:featuredmedia":[{"embeddable":true,"href":"https:\/\/croxer.com\/de\/wp-json\/wp\/v2\/media\/718"}],"wp:attachment":[{"href":"https:\/\/croxer.com\/de\/wp-json\/wp\/v2\/media?parent=14"}],"curies":[{"name":"wp","href":"https:\/\/api.w.org\/{rel}","templated":true}]}}