{"id":1640,"date":"2023-06-26T13:36:49","date_gmt":"2023-06-26T13:36:49","guid":{"rendered":"https:\/\/croxer.com\/de\/?page_id=1640"},"modified":"2023-06-27T07:37:45","modified_gmt":"2023-06-27T07:37:45","slug":"datenschutz-bestimmungen","status":"publish","type":"page","link":"https:\/\/croxer.com\/de\/datenschutz-bestimmungen\/","title":{"rendered":"Datenschutz-Bestimmungen"},"content":{"rendered":"\n<h2 class=\"wp-block-heading\"><strong>1. Allgemeine Informationen<\/strong><\/h2>\n\n\n\n<ol class=\"wp-block-list\">\n<li>Diese Politik gilt f\u00fcr die Website, die unter der folgenden URL betrieben wird: croxer.com.<\/li>\n\n\n\n<li>Der Betreiber der Website und Verwalter der personenbezogenen Daten ist Kazimierz Py\u0107, der seine Gesch\u00e4ftst\u00e4tigkeit unter dem Namen PYC-SPORT KAZIMIERZ PY\u0106 aus\u00fcbt, der im Zentralen Register und Informationen \u00fcber die Gesch\u00e4ftst\u00e4tigkeit der Republik Polen eingetragen ist, das vom f\u00fcr Wirtschaft zust\u00e4ndigen Minister gef\u00fchrt wird, Gesch\u00e4ftssitz und Lieferadresse: Cz\u0119stochowska Stra\u00dfe 38\/52 lok. 312, 93-121 \u0141\u00f3d\u017a, NIP: 7291815241, REGON: 100167777, elektronische Postadresse (E-Mail): croxer@croxer.com, Telefonnummer: 0048731700440.<\/li>\n\n\n\n<li>E-Mail-Kontaktadresse des Betreibers: croxer@croxer.com.<\/li>\n\n\n\n<li>Der Betreiber ist der Verwalter Ihrer pers\u00f6nlichen Daten in Bezug auf die Daten, die Sie freiwillig auf der Website angeben.<\/li>\n\n\n\n<li>Der Dienst verwendet personenbezogene Daten f\u00fcr die folgenden Zwecke:\n<ul class=\"wp-block-list\">\n<li>Bearbeitung von Anfragen \u00fcber das Formular<\/li>\n\n\n\n<li>Pr\u00e4sentation eines Angebots oder einer Information<\/li>\n<\/ul>\n<\/li>\n\n\n\n<li>Der Dienst f\u00fchrt die Funktionen zur Gewinnung von Informationen \u00fcber die Nutzer und ihr Verhalten auf folgende Weise aus:\n<ol class=\"wp-block-list\">\n<li>Durch die in den Formularen freiwillig eingegebenen Daten, die in die Systeme des Betreibers eingegeben werden.<\/li>\n\n\n\n<li>Durch die Speicherung von Cookies (sog. &#8222;Cookies&#8220;) auf den Endger\u00e4ten.<\/li>\n<\/ol>\n<\/li>\n<\/ol>\n\n\n\n<h2 class=\"wp-block-heading\"><strong>2. Ausgew\u00e4hlte Datenschutzmethoden des Betreibers<\/strong><\/h2>\n\n\n\n<ol class=\"wp-block-list\">\n<li>Die Login- und Personendaten-Eingabeseiten sind in der \u00dcbertragungsschicht gesch\u00fctzt (SSL-Zertifikat). Dadurch wird sichergestellt, dass die auf der Website eingegebenen pers\u00f6nlichen Daten und Anmeldedaten auf dem Computer des Benutzers verschl\u00fcsselt werden und nur auf dem Zielserver gelesen werden k\u00f6nnen.<\/li>\n\n\n\n<li>Die in der Datenbank gespeicherten pers\u00f6nlichen Daten werden so verschl\u00fcsselt, dass nur derjenige, der den Betreiberschl\u00fcssel besitzt, sie lesen kann. Dies sch\u00fctzt die Daten, falls die Datenbank vom Server gestohlen wird.<\/li>\n\n\n\n<li>Benutzerkennw\u00f6rter werden in gehashter Form gespeichert. Die Hash-Funktion arbeitet in einer Einbahnstra\u00dfe &#8211; es ist nicht m\u00f6glich, sie umzukehren, was der derzeitige moderne Standard f\u00fcr die Speicherung von Benutzerpassw\u00f6rtern ist.<\/li>\n\n\n\n<li>Um die Daten zu sch\u00fctzen, erstellt der Betreiber regelm\u00e4\u00dfig Sicherheitskopien.<\/li>\n\n\n\n<li>Ein wichtiges Element des Datenschutzes ist die regelm\u00e4\u00dfige Aktualisierung der gesamten Software, die der Betreiber zur Verarbeitung personenbezogener Daten einsetzt, d.h. insbesondere die regelm\u00e4\u00dfige Aktualisierung von Softwarekomponenten.<\/li>\n<\/ol>\n\n\n\n<h2 class=\"wp-block-heading\"><strong>3. Hosting<\/strong><\/h2>\n\n\n\n<ol class=\"wp-block-list\">\n<li>Die Website wird auf den Servern des Betreibers gehostet (technisch gewartet): home.pl.<\/li>\n<\/ol>\n\n\n\n<h2 class=\"wp-block-heading\"><strong>4. Ihre Rechte und zus\u00e4tzliche Informationen \u00fcber die Verwendung Ihrer Daten<\/strong><\/h2>\n\n\n\n<ol class=\"wp-block-list\">\n<li>In bestimmten Situationen hat der Verwalter das Recht, Ihre personenbezogenen Daten an andere Empf\u00e4nger zu \u00fcbermitteln, wenn dies f\u00fcr die Erf\u00fcllung eines mit Ihnen geschlossenen Vertrags oder f\u00fcr die Erf\u00fcllung der dem Verwalter obliegenden Verpflichtungen erforderlich ist. Dies gilt f\u00fcr folgende Gruppen von Empf\u00e4ngern:\n<ul class=\"wp-block-list\">\n<li>das Hosting-Unternehmen auf beauftragter Basis<\/li>\n\n\n\n<li>autorisierte Mitarbeiter und Partner, die die Daten zur Erf\u00fcllung des Zwecks der Website verwenden<\/li>\n<\/ul>\n<\/li>\n\n\n\n<li>Ihre personenbezogenen Daten werden vom Verwalter nur so lange verarbeitet, wie es f\u00fcr die Durchf\u00fchrung der damit verbundenen, in gesonderten Vorschriften festgelegten T\u00e4tigkeiten (z. B. zur Buchf\u00fchrung) erforderlich ist. Was die Marketingdaten betrifft, so werden diese nicht l\u00e4nger als 3 Jahre verarbeitet.<\/li>\n\n\n\n<li>Sie haben das Recht, bei dem f\u00fcr die Verarbeitung Verantwortlichen Folgendes zu beantragen:\n<ul class=\"wp-block-list\">\n<li>Zugang zu den Sie betreffenden personenbezogenen Daten,<\/li>\n\n\n\n<li>deren Berichtigung,<\/li>\n\n\n\n<li>L\u00f6schung,<\/li>\n\n\n\n<li>Einschr\u00e4nkung der Verarbeitung,<\/li>\n\n\n\n<li>und Daten\u00fcbertragbarkeit.<\/li>\n<\/ul>\n<\/li>\n\n\n\n<li>Sie haben das Recht, im Rahmen der unter 3.3 c) genannten Verarbeitung Widerspruch gegen die Verarbeitung Ihrer personenbezogenen Daten zum Zwecke der Wahrnehmung der vom Verwalter verfolgten berechtigten Interessen, einschlie\u00dflich des Profilings, einzulegen, wobei das Widerspruchsrecht nicht ausge\u00fcbt werden kann, wenn berechtigte Gr\u00fcnde f\u00fcr die Verarbeitung vorliegen, die Ihre Interessen, Rechte und Freiheiten \u00fcberwiegen, insbesondere die Feststellung, Geltendmachung oder Verteidigung von Anspr\u00fcchen.<\/li>\n\n\n\n<li>Sie k\u00f6nnen sich \u00fcber das Vorgehen des Verwalters beim Pr\u00e4sidenten des Amtes f\u00fcr den Schutz personenbezogener Daten, Stawki-Stra\u00dfe 2, 00-193 Warschau, beschweren.<\/li>\n\n\n\n<li>Die Bereitstellung personenbezogener Daten ist freiwillig, aber f\u00fcr den Betrieb des Dienstes erforderlich.<\/li>\n\n\n\n<li>Eine automatisierte Entscheidungsfindung, einschlie\u00dflich Profiling zum Zweck der Erbringung von Dienstleistungen im Rahmen eines abgeschlossenen Vertrags und zum Zweck des Direktmarketings durch den Verwalter, kann in Bezug auf Sie durchgef\u00fchrt werden.<\/li>\n\n\n\n<li>Personenbezogene Daten werden nicht aus Drittl\u00e4ndern im Sinne der Datenschutzgesetzgebung \u00fcbermittelt. Das bedeutet, dass wir sie nicht au\u00dferhalb der Europ\u00e4ischen Union \u00fcbermitteln.<\/li>\n<\/ol>\n\n\n\n<h2 class=\"wp-block-heading\"><strong>5. Informationen in Formularen<\/strong><\/h2>\n\n\n\n<ol class=\"wp-block-list\">\n<li>Der Dienst sammelt Informationen, die der Nutzer freiwillig angibt, einschlie\u00dflich personenbezogener Daten, falls diese angegeben werden.<\/li>\n\n\n\n<li>Der Dienst kann Informationen \u00fcber Ihre Verbindungsparameter (Zeitstempel, IP-Adresse) aufzeichnen.<\/li>\n\n\n\n<li>In einigen F\u00e4llen kann der Dienst Informationen aufzeichnen, um die Verkn\u00fcpfung der Daten im Formular mit der E-Mail-Adresse des Nutzers, der das Formular ausf\u00fcllt, zu erleichtern. In diesem Fall erscheint die E-Mail-Adresse des Nutzers innerhalb der URL der Seite, die das Formular enth\u00e4lt.<\/li>\n\n\n\n<li>Die im Formular angegebenen Daten werden zu dem Zweck verarbeitet, der sich aus der Funktion des jeweiligen Formulars ergibt, z. B. zur Bearbeitung einer Dienstleistungsanfrage oder eines Gesch\u00e4ftskontakts, zur Registrierung von Dienstleistungen usw. Aus dem Kontext und der Beschreibung des Formulars geht in jedem Fall klar hervor, wof\u00fcr es verwendet wird.<\/li>\n<\/ol>\n\n\n\n<h2 class=\"wp-block-heading\"><strong>6. Verwaltungsprotokolle<\/strong><\/h2>\n\n\n\n<ol class=\"wp-block-list\">\n<li>Informationen \u00fcber das Nutzerverhalten auf der Website k\u00f6nnen protokolliert werden. Diese Daten werden f\u00fcr die Verwaltung des Dienstes verwendet.<\/li>\n<\/ol>\n","protected":false},"excerpt":{"rendered":"<p>1. Allgemeine Informationen 2. Ausgew\u00e4hlte Datenschutzmethoden des Betreibers 3. Hosting 4. Ihre Rechte und zus\u00e4tzliche Informationen \u00fcber die Verwendung Ihrer Daten 5. Informationen in Formularen 6. Verwaltungsprotokolle<\/p>\n","protected":false},"author":2,"featured_media":0,"parent":0,"menu_order":0,"comment_status":"closed","ping_status":"closed","template":"","meta":{"_acf_changed":false,"footnotes":""},"class_list":["post-1640","page","type-page","status-publish","hentry"],"acf":[],"_links":{"self":[{"href":"https:\/\/croxer.com\/de\/wp-json\/wp\/v2\/pages\/1640","targetHints":{"allow":["GET"]}}],"collection":[{"href":"https:\/\/croxer.com\/de\/wp-json\/wp\/v2\/pages"}],"about":[{"href":"https:\/\/croxer.com\/de\/wp-json\/wp\/v2\/types\/page"}],"author":[{"embeddable":true,"href":"https:\/\/croxer.com\/de\/wp-json\/wp\/v2\/users\/2"}],"replies":[{"embeddable":true,"href":"https:\/\/croxer.com\/de\/wp-json\/wp\/v2\/comments?post=1640"}],"version-history":[{"count":3,"href":"https:\/\/croxer.com\/de\/wp-json\/wp\/v2\/pages\/1640\/revisions"}],"predecessor-version":[{"id":1645,"href":"https:\/\/croxer.com\/de\/wp-json\/wp\/v2\/pages\/1640\/revisions\/1645"}],"wp:attachment":[{"href":"https:\/\/croxer.com\/de\/wp-json\/wp\/v2\/media?parent=1640"}],"curies":[{"name":"wp","href":"https:\/\/api.w.org\/{rel}","templated":true}]}}