{"id":50,"date":"2018-03-06T14:32:51","date_gmt":"2018-03-06T13:32:51","guid":{"rendered":"http:\/\/localhost\/?page_id=50"},"modified":"2023-09-18T09:39:37","modified_gmt":"2023-09-18T09:39:37","slug":"czech-republic","status":"publish","type":"page","link":"https:\/\/croxer.com\/de\/haendler\/czech-republic\/","title":{"rendered":"Czech Republic"},"content":{"rendered":"\n<p><strong>RAVEN-SNOWBOARDS.CZ<\/strong><br>Ryne\u010dek 132<br>261 01 P\u0159\u00edbram 3<br><a href=\"http:\/\/snowboard-shop.cz\" data-type=\"link\" data-id=\"snowboard-shop.cz\">www.snowboard-shop.cz&nbsp;<\/a><\/p>\n","protected":false},"excerpt":{"rendered":"<p>RAVEN-SNOWBOARDS.CZRyne\u010dek 132261 01 P\u0159\u00edbram 3www.snowboard-shop.cz&nbsp;<\/p>\n","protected":false},"author":1,"featured_media":1926,"parent":26,"menu_order":0,"comment_status":"closed","ping_status":"closed","template":"","meta":{"_acf_changed":false,"footnotes":""},"class_list":["post-50","page","type-page","status-publish","has-post-thumbnail","hentry"],"acf":[],"_links":{"self":[{"href":"https:\/\/croxer.com\/de\/wp-json\/wp\/v2\/pages\/50","targetHints":{"allow":["GET"]}}],"collection":[{"href":"https:\/\/croxer.com\/de\/wp-json\/wp\/v2\/pages"}],"about":[{"href":"https:\/\/croxer.com\/de\/wp-json\/wp\/v2\/types\/page"}],"author":[{"embeddable":true,"href":"https:\/\/croxer.com\/de\/wp-json\/wp\/v2\/users\/1"}],"replies":[{"embeddable":true,"href":"https:\/\/croxer.com\/de\/wp-json\/wp\/v2\/comments?post=50"}],"version-history":[{"count":2,"href":"https:\/\/croxer.com\/de\/wp-json\/wp\/v2\/pages\/50\/revisions"}],"predecessor-version":[{"id":1927,"href":"https:\/\/croxer.com\/de\/wp-json\/wp\/v2\/pages\/50\/revisions\/1927"}],"up":[{"embeddable":true,"href":"https:\/\/croxer.com\/de\/wp-json\/wp\/v2\/pages\/26"}],"wp:featuredmedia":[{"embeddable":true,"href":"https:\/\/croxer.com\/de\/wp-json\/wp\/v2\/media\/1926"}],"wp:attachment":[{"href":"https:\/\/croxer.com\/de\/wp-json\/wp\/v2\/media?parent=50"}],"curies":[{"name":"wp","href":"https:\/\/api.w.org\/{rel}","templated":true}]}}