{"id":52,"date":"2018-03-06T14:34:05","date_gmt":"2018-03-06T13:34:05","guid":{"rendered":"http:\/\/localhost\/?page_id=52"},"modified":"2023-09-18T09:41:36","modified_gmt":"2023-09-18T09:41:36","slug":"estonia","status":"publish","type":"page","link":"https:\/\/croxer.com\/de\/haendler\/estonia\/","title":{"rendered":"Estonia"},"content":{"rendered":"\n<p><strong>RENDIKESKUS O\u00dc<\/strong><br>Rannam\u00f5isa K\u00fcla<br>Harku vald, Kratt 1-32<br><a rel=\"noreferrer noopener\" href=\"http:\/\/www.rendikeskus.ee\" target=\"_blank\">www.rendikeskus.ee<\/a><\/p>\n","protected":false},"excerpt":{"rendered":"<p>RENDIKESKUS O\u00dcRannam\u00f5isa K\u00fclaHarku vald, Kratt 1-32www.rendikeskus.ee<\/p>\n","protected":false},"author":1,"featured_media":1937,"parent":26,"menu_order":16,"comment_status":"closed","ping_status":"closed","template":"","meta":{"_acf_changed":false,"footnotes":""},"class_list":["post-52","page","type-page","status-publish","has-post-thumbnail","hentry"],"acf":[],"_links":{"self":[{"href":"https:\/\/croxer.com\/de\/wp-json\/wp\/v2\/pages\/52","targetHints":{"allow":["GET"]}}],"collection":[{"href":"https:\/\/croxer.com\/de\/wp-json\/wp\/v2\/pages"}],"about":[{"href":"https:\/\/croxer.com\/de\/wp-json\/wp\/v2\/types\/page"}],"author":[{"embeddable":true,"href":"https:\/\/croxer.com\/de\/wp-json\/wp\/v2\/users\/1"}],"replies":[{"embeddable":true,"href":"https:\/\/croxer.com\/de\/wp-json\/wp\/v2\/comments?post=52"}],"version-history":[{"count":1,"href":"https:\/\/croxer.com\/de\/wp-json\/wp\/v2\/pages\/52\/revisions"}],"predecessor-version":[{"id":1938,"href":"https:\/\/croxer.com\/de\/wp-json\/wp\/v2\/pages\/52\/revisions\/1938"}],"up":[{"embeddable":true,"href":"https:\/\/croxer.com\/de\/wp-json\/wp\/v2\/pages\/26"}],"wp:featuredmedia":[{"embeddable":true,"href":"https:\/\/croxer.com\/de\/wp-json\/wp\/v2\/media\/1937"}],"wp:attachment":[{"href":"https:\/\/croxer.com\/de\/wp-json\/wp\/v2\/media?parent=52"}],"curies":[{"name":"wp","href":"https:\/\/api.w.org\/{rel}","templated":true}]}}